	 
	 {"id":82,"date":"2026-02-02T10:32:18","date_gmt":"2026-02-02T01:32:18","guid":{"rendered":"http:\/\/xs710684.xsrv.jp\/pacific\/?page_id=82"},"modified":"2026-05-07T17:18:10","modified_gmt":"2026-05-07T08:18:10","slug":"reserve","status":"publish","type":"page","link":"https:\/\/ride-tourism.bike\/es\/reserve\/","title":{"rendered":"Reserva"},"content":{"rendered":"\n<p class=\"has-text-align-center\"><span class=\"wp-rich-text-font-awesome-icon wp-font-awesome-icon\"><svg aria-hidden=\"true\" focusable=\"false\" data-prefix=\"fas\" data-icon=\"check\" class=\"svg-inline--fa fa-check \" role=\"img\" xmlns=\"http:\/\/www.w3.org\/2000\/svg\" viewBox=\"0 0 448 512\"><path fill=\"currentColor\" d=\"M434.8 70.1c14.3 10.4 17.5 30.4 7.1 44.7l-256 352c-5.5 7.6-14 12.3-23.4 13.1s-18.5-2.7-25.1-9.3l-128-128c-12.5-12.5-12.5-32.8 0-45.3s32.8-12.5 45.3 0l101.5 101.5 234-321.7c10.4-14.3 30.4-17.5 44.7-7.1z\"><\/path><\/svg><\/span>Reserva tu alquiler de moto o tour con gu\u00eda usando el formulario a continuaci\u00f3n. Ten en cuenta que tenemos un n\u00famero limitado de motos disponibles en cada clase, por lo que es posible que no siempre podamos atender todas las solicitudes. \u00a1Agradecemos tu comprensi\u00f3n!<\/p>\n\n\n\n<div class=\"wpcf7 no-js\" id=\"wpcf7-f235-o1\" lang=\"ja\" dir=\"ltr\" data-wpcf7-id=\"235\">\n<div class=\"screen-reader-response\"><p role=\"status\" aria-live=\"polite\" aria-atomic=\"true\"><\/p> <ul><\/ul><\/div>\n<form action=\"\/es\/wp-json\/wp\/v2\/pages\/82#wpcf7-f235-o1\" method=\"post\" class=\"wpcf7-form init\" aria-label=\"\u30b3\u30f3\u30bf\u30af\u30c8\u30d5\u30a9\u30fc\u30e0\" novalidate=\"novalidate\" data-status=\"init\">\n<fieldset class=\"hidden-fields-container\"><input type=\"hidden\" name=\"_wpcf7\" value=\"235\" \/><input type=\"hidden\" name=\"_wpcf7_version\" value=\"6.1.5\" \/><input type=\"hidden\" name=\"_wpcf7_locale\" value=\"ja\" \/><input type=\"hidden\" name=\"_wpcf7_unit_tag\" value=\"wpcf7-f235-o1\" \/><input type=\"hidden\" name=\"_wpcf7_container_post\" value=\"0\" \/><input type=\"hidden\" name=\"_wpcf7_posted_data_hash\" value=\"\" \/><input type=\"hidden\" name=\"_wpcf7cf_hidden_group_fields\" value=\"[]\" \/><input type=\"hidden\" name=\"_wpcf7cf_hidden_groups\" value=\"[]\" \/><input type=\"hidden\" name=\"_wpcf7cf_visible_groups\" value=\"[]\" \/><input type=\"hidden\" name=\"_wpcf7cf_repeaters\" value=\"[]\" \/><input type=\"hidden\" name=\"_wpcf7cf_steps\" value=\"{}\" \/><input type=\"hidden\" name=\"_wpcf7cf_options\" value=\"{&quot;form_id&quot;:235,&quot;conditions&quot;:[{&quot;then_field&quot;:&quot;-1&quot;,&quot;and_rules&quot;:[{&quot;if_field&quot;:&quot;-1&quot;,&quot;operator&quot;:&quot;equals&quot;,&quot;if_value&quot;:&quot;Bike Rental&quot;}]},{&quot;then_field&quot;:&quot;-1&quot;,&quot;and_rules&quot;:[{&quot;if_field&quot;:&quot;-1&quot;,&quot;operator&quot;:&quot;equals&quot;,&quot;if_value&quot;:&quot;Guided Tour&quot;}]}],&quot;settings&quot;:{&quot;animation&quot;:&quot;yes&quot;,&quot;animation_intime&quot;:200,&quot;animation_outtime&quot;:200,&quot;conditions_ui&quot;:&quot;normal&quot;,&quot;notice_dismissed&quot;:false,&quot;repeater_remove_button&quot;:&quot;bottom&quot;}}\" \/>\n<\/fieldset>\n<h5 class=\"styled_h5\"> Tu Nombre\n<\/h5>\n<table class=\"CF7_table\">\n\t<tr>\n\t\t<th>\n\t\t\t<p><span class=\"CF7_req\">Obligatorio<\/span>Nombre Completo\n\t\t\t<\/p>\n\t\t<\/th>\n\t\t<td>\n\t\t\t<p><span class=\"wpcf7-form-control-wrap\" data-name=\"your-name\"><input size=\"40\" maxlength=\"400\" class=\"wpcf7-form-control wpcf7-text wpcf7-validates-as-required\" aria-required=\"true\" aria-invalid=\"false\" placeholder=\"Ejemplo: Juan Garc\u00eda\" value=\"\" type=\"text\" name=\"your-name\" \/><\/span>\n\t\t\t<\/p>\n\t\t<\/td>\n\t<\/tr>\n\t<tr>\n\t\t<th>\n\t\t\t<p><span class=\"CF7_req\">Obligatorio<\/span>Correo Electr\u00f3nico\n\t\t\t<\/p>\n\t\t<\/th>\n\t\t<td>\n\t\t\t<p><span class=\"wpcf7-form-control-wrap\" data-name=\"your-email\"><input size=\"40\" maxlength=\"400\" class=\"wpcf7-form-control wpcf7-email wpcf7-validates-as-required wpcf7-text wpcf7-validates-as-email\" aria-required=\"true\" aria-invalid=\"false\" placeholder=\"Ejemplo: juan@ejemplo.com\" value=\"\" type=\"email\" name=\"your-email\" \/><\/span>\n\t\t\t<\/p>\n\t\t<\/td>\n\t<\/tr>\n\t<tr>\n\t\t<th>\n\t\t\t<p><span class=\"CF7_req\">Obligatorio<\/span>N\u00famero de Tel\u00e9fono\n\t\t\t<\/p>\n\t\t<\/th>\n\t\t<td>\n\t\t\t<p><span class=\"wpcf7-form-control-wrap\" data-name=\"your-tel\"><input size=\"40\" maxlength=\"400\" class=\"wpcf7-form-control wpcf7-text wpcf7-validates-as-required\" aria-required=\"true\" aria-invalid=\"false\" placeholder=\"Ejemplo: 090-1234-5678\" value=\"\" type=\"text\" name=\"your-tel\" \/><\/span>\n\t\t\t<\/p>\n\t\t<\/td>\n\t<\/tr>\n<\/table>\n<h5 class=\"styled_h5\"> Tu Fecha de Alquiler\n<\/h5>\n<table class=\"CF7_table\">\n\t<tr>\n\t\t<th>\n\t\t\t<p><span class=\"CF7_req\">Obligatorio<\/span>Fecha Preferida\n\t\t\t<\/p>\n\t\t<\/th>\n\t\t<td>\n\t\t\t<p><span class=\"wpcf7-form-control-wrap\" data-name=\"rental-date\"><input class=\"wpcf7-form-control wpcf7-date wpcf7-validates-as-required wpcf7-validates-as-date\" aria-required=\"true\" aria-invalid=\"false\" value=\"\" type=\"date\" name=\"rental-date\" \/><\/span>\n\t\t\t<\/p>\n\t\t<\/td>\n\t<\/tr>\n\t<tr>\n\t\t<th>\n\t\t\t<p><span class=\"CF7_req\">Obligatorio<\/span>Hora de Llegada\n\t\t\t<\/p>\n\t\t<\/th>\n\t\t<td>\n\t\t\t<p><span class=\"wpcf7-form-control-wrap\" data-name=\"menu-visittime\"><select class=\"wpcf7-form-control wpcf7-select wpcf7-validates-as-required\" aria-required=\"true\" aria-invalid=\"false\" name=\"menu-visittime\"><option value=\"\">Por favor, elige<\/option><option value=\"9:00\">9:00<\/option><option value=\"10:00\">10:00<\/option><option value=\"11:00\">11:00<\/option><option value=\"12:00\">12:00<\/option><option value=\"Reservar un Tour\">Reservar un Tour<\/option><option value=\"Otro (escr\u00edbelo en el cuadro de mensaje)\">Otro (escr\u00edbelo en el cuadro de mensaje)<\/option><\/select><\/span>\n\t\t\t<\/p>\n\t\t<\/td>\n\t<\/tr>\n\t<tr>\n\t\t<th>\n\t\t\t<p><span class=\"CF7_req\">Obligatorio<\/span>Fecha de Devoluci\u00f3n\n\t\t\t<\/p>\n\t\t<\/th>\n\t\t<td>\n\t\t\t<p><span class=\"wpcf7-form-control-wrap\" data-name=\"return-date\"><input class=\"wpcf7-form-control wpcf7-date wpcf7-validates-as-required wpcf7-validates-as-date\" aria-required=\"true\" aria-invalid=\"false\" value=\"\" type=\"date\" name=\"return-date\" \/><\/span>\n\t\t\t<\/p>\n\t\t<\/td>\n\t<\/tr>\n<\/table>\n<h5 class=\"styled_h5\"> C\u00f3mo Llegar\u00e1s\n<\/h5>\n<table class=\"CF7_table\">\n\t<tr>\n\t\t<th>\n\t\t\t<p><span class=\"CF7_req\">Obligatorio<\/span>Transporte\n\t\t\t<\/p>\n\t\t<\/th>\n\t\t<td>\n\t\t\t<p><span class=\"wpcf7-form-control-wrap\" data-name=\"store\"><span class=\"wpcf7-form-control wpcf7-radio\"><span class=\"wpcf7-list-item first\"><label><input type=\"radio\" name=\"store\" value=\"A pie (unos 15 minutos desde la Salida Sur de la Estaci\u00f3n Tsujido)\" checked=\"checked\" \/><span class=\"wpcf7-list-item-label\">A pie (unos 15 minutos desde la Salida Sur de la Estaci\u00f3n Tsujido)<\/span><\/label><\/span><span class=\"wpcf7-list-item\"><label><input type=\"radio\" name=\"store\" value=\"Traslado gratuito desde la Estaci\u00f3n Tsujido\" \/><span class=\"wpcf7-list-item-label\">Traslado gratuito desde la Estaci\u00f3n Tsujido<\/span><\/label><\/span><span class=\"wpcf7-list-item\"><label><input type=\"radio\" name=\"store\" value=\"En coche\" \/><span class=\"wpcf7-list-item-label\">En coche<\/span><\/label><\/span><span class=\"wpcf7-list-item last\"><label><input type=\"radio\" name=\"store\" value=\"En bicicleta \/ moto\" \/><span class=\"wpcf7-list-item-label\">En bicicleta \/ moto<\/span><\/label><\/span><\/span><\/span>\n\t\t\t<\/p>\n\t\t<\/td>\n\t<\/tr>\n<\/table>\n<h5 class=\"styled_h5\"> Plan\n<\/h5>\n<table class=\"CF7_table\">\n\t<tr>\n\t\t<th>\n\t\t\t<p><span class=\"CF7_req\">Obligatorio<\/span>Selecciona un Plan\n\t\t\t<\/p>\n\t\t<\/th>\n\t\t<td>\n\t\t\t<p><span class=\"wpcf7-form-control-wrap\" data-name=\"plan\"><select class=\"wpcf7-form-control wpcf7-select wpcf7-validates-as-required\" aria-required=\"true\" aria-invalid=\"false\" name=\"plan\"><option value=\"\">Por favor, elige<\/option><option value=\"Alquiler de Moto\">Alquiler de Moto<\/option><option value=\"Tour con Gu\u00eda\">Tour con Gu\u00eda<\/option><\/select><\/span>\n\t\t\t<\/p>\n\t\t<\/td>\n\t<\/tr>\n<\/table>\n<div data-id=\"rental\" data-orig_data_id=\"rental\"  class=\"\" data-class=\"wpcf7cf_group\">\n\t<table class=\"CF7_table\">\n\t\t<tr>\n\t\t\t<th>\n\t\t\t\t<p><span class=\"CF7_req\">Obligatorio<\/span>Clase de Moto\n\t\t\t\t<\/p>\n\t\t\t<\/th>\n\t\t\t<td>\n\t\t\t\t<p><span class=\"wpcf7-form-control-wrap\" data-name=\"rentalclass\"><select class=\"wpcf7-form-control wpcf7-select wpcf7-validates-as-required\" aria-required=\"true\" aria-invalid=\"false\" name=\"rentalclass\"><option value=\"\">Por favor, elige<\/option><option value=\"Est\u00e1ndar (4 horas)\">Est\u00e1ndar (4 horas)<\/option><option value=\"Est\u00e1ndar (1+ d\u00eda)\">Est\u00e1ndar (1+ d\u00eda)<\/option><option value=\"Avanzado (4 horas)\">Avanzado (4 horas)<\/option><option value=\"Avanzado (1+ d\u00eda)\">Avanzado (1+ d\u00eda)<\/option><option value=\"Premium (1+ d\u00eda)\">Premium (1+ d\u00eda)<\/option><\/select><\/span>\n\t\t\t\t<\/p>\n\t\t\t<\/td>\n\t\t<\/tr>\n\t<\/table>\n<\/div>\n<div data-id=\"model\" data-orig_data_id=\"model\"  class=\"\" data-class=\"wpcf7cf_group\">\n\t<table class=\"CF7_table\">\n\t\t<tr>\n\t\t\t<th>\n\t\t\t\t<p><span class=\"CF7_req\">Obligatorio<\/span>Ruta del Tour\n\t\t\t\t<\/p>\n\t\t\t<\/th>\n\t\t\t<td>\n\t\t\t\t<p><span class=\"wpcf7-form-control-wrap\" data-name=\"modelcourse\"><select class=\"wpcf7-form-control wpcf7-select wpcf7-validates-as-required\" aria-required=\"true\" aria-invalid=\"false\" name=\"modelcourse\"><option value=\"\">Por favor, elige<\/option><option value=\"Tour a Medida\">Tour a Medida<\/option><option value=\"Ruta Panor\u00e1mica de Seisho\">Ruta Panor\u00e1mica de Seisho<\/option><option value=\"Paso de Monta\u00f1a Tanzawa y Lago Miyagase\">Paso de Monta\u00f1a Tanzawa y Lago Miyagase<\/option><option value=\"Tour Largo por la Pen\u00ednsula de Izu y Hakone\">Tour Largo por la Pen\u00ednsula de Izu y Hakone<\/option><option value=\"Tour Largo por la Pen\u00ednsula de Boso, Chiba\">Tour Largo por la Pen\u00ednsula de Boso, Chiba<\/option><option value=\"Tour Panor\u00e1mico de los Cinco Lagos del Monte Fuji\">Tour Panor\u00e1mico de los Cinco Lagos del Monte Fuji<\/option><\/select><\/span>\n\t\t\t\t<\/p>\n\t\t\t<\/td>\n\t\t<\/tr>\n\t<\/table>\n<\/div>\n<p style=\"font-size:14px\"><br \/>\n*Si alguna de las siguientes situaciones te aplica, escr\u00edbelo en el cuadro de mensaje. Te contactaremos con m\u00e1s detalles:\n<\/p>\n<p>- Reserva para varias personas o grupos\n<\/p>\n<p>- Menor de 18 a\u00f1os\n<\/p>\n<p>- Visitantes sin carnet de conducir japon\u00e9s\n<\/p>\n<p>- Solicitudes de modelos de moto espec\u00edficos o motos autom\u00e1ticas (AT)\n<\/p>\n<p>- Quieres usar motos Econ\u00f3micas (peque\u00f1as) o Premium (grandes) para un tour\n<\/p>\n<p>- Cualquier solicitud especial o circunstancia particular\n<\/p>\n<h5 class=\"styled_h5\"> Mensaje\n<\/h5>\n<table class=\"CF7_table\">\n\t<tr>\n\t\t<th>\n\t\t\t<p><span class=\"CF7_unreq\">Opcional<\/span>Preguntas o Solicitudes\n\t\t\t<\/p>\n\t\t<\/th>\n\t\t<td class=\"message-100\">\n\t\t\t<p><span class=\"wpcf7-form-control-wrap\" data-name=\"your-message\"><textarea cols=\"40\" rows=\"10\" maxlength=\"2000\" class=\"wpcf7-form-control wpcf7-textarea\" aria-invalid=\"false\" placeholder=\"\u00a1No dudes en preguntarnos lo que quieras!\" name=\"your-message\"><\/textarea><\/span>\n\t\t\t<\/p>\n\t\t<\/td>\n\t<\/tr>\n<\/table>\n<h5 class=\"styled_h5\"> T\u00e9rminos y Pol\u00edticas\n<\/h5>\n<table class=\"CF7_table\">\n\t<tr>\n\t\t<th>\n\t\t\t<p><span class=\"CF7_req\">Obligatorio<\/span>Pol\u00edtica de Privacidad\n\t\t\t<\/p>\n\t\t<\/th>\n\t\t<td>\n\t\t\t<p><span class=\"wpcf7-form-control-wrap\" data-name=\"privacy\"><span class=\"wpcf7-form-control wpcf7-acceptance\"><span class=\"wpcf7-list-item\"><label><input type=\"checkbox\" name=\"privacy\" value=\"1\" aria-invalid=\"false\" \/><span class=\"wpcf7-list-item-label\"><a href=\"https:\/\/ride-tourism.bike\/es\/privacy\/\" target=\"_blank\">Pol\u00edtica de Privacidad<\/a> Acepto<\/span><\/label><\/span><\/span><\/span>\n\t\t\t<\/p>\n\t\t<\/td>\n\t<\/tr>\n\t<tr>\n\t\t<th>\n\t\t\t<p><span class=\"CF7_req\">Obligatorio<\/span>Condiciones de Alquiler\n\t\t\t<\/p>\n\t\t<\/th>\n\t\t<td>\n\t\t\t<p><span class=\"wpcf7-form-control-wrap\" data-name=\"kiyaku\"><span class=\"wpcf7-form-control wpcf7-acceptance\"><span class=\"wpcf7-list-item\"><label><input type=\"checkbox\" name=\"kiyaku\" value=\"1\" aria-invalid=\"false\" \/><span class=\"wpcf7-list-item-label\"><a href=\"https:\/\/ride-tourism.bike\/es\/kiyaku\/\" target=\"_blank\">T\u00e9rminos y Condiciones<\/a> Acepto<\/span><\/label><\/span><\/span><\/span>\n\t\t\t<\/p>\n\t\t<\/td>\n\t<\/tr>\n\t<tr>\n\t\t<th>\n\t\t\t<p><span class=\"CF7_req\">Obligatorio<\/span>Exenci\u00f3n de Responsabilidad\n\t\t\t<\/p>\n\t\t<\/th>\n\t\t<td>\n\t\t\t<p><span class=\"wpcf7-form-control-wrap\" data-name=\"menseki\"><span class=\"wpcf7-form-control wpcf7-acceptance\"><span class=\"wpcf7-list-item\"><label><input type=\"checkbox\" name=\"menseki\" value=\"1\" aria-invalid=\"false\" \/><span class=\"wpcf7-list-item-label\"><a href=\"https:\/\/ride-tourism.bike\/es\/menseki\/\" target=\"_blank\">Exenci\u00f3n de Responsabilidad<\/a> Acepto<\/span><\/label><\/span><\/span><\/span>\n\t\t\t<\/p>\n\t\t<\/td>\n\t<\/tr>\n<\/table>\n<p>*Esta no es una reserva confirmada todav\u00eda. Te responderemos en un plazo de 2 d\u00edas h\u00e1biles para confirmar tu reserva.\n<\/p>\n<p class=\"CF7_btn\"><input class=\"wpcf7-form-control wpcf7-submit has-spinner\" type=\"submit\" value=\"Enviar\" \/>\n<\/p>\n<p><script>\ndocument.addEventListener('wpcf7mailsent', function(event) {\n location = 'https:\/\/ride-tourism.bike\/es\/thanks\/';\n}, false);\n<\/script>\n<\/p><div class=\"wpcf7-response-output\" aria-hidden=\"true\"><\/div>\n<\/form>\n<\/div>\n\n\n\n\n<p><\/p>\n","protected":false},"excerpt":{"rendered":"Reserva tu alquiler de moto o tour con gu\u00eda usando el formulario a continuaci\u00f3n. Ten en cuenta que tenemos un n\u00famero limitado de motos disponibles en cada clase, por lo que es posible que no siempre podamos atender todas las solicitudes. \u00a1Agradecemos tu comprensi\u00f3n!","protected":false},"author":2,"featured_media":0,"parent":0,"menu_order":7,"comment_status":"closed","ping_status":"closed","template":"","meta":{"footnotes":""},"class_list":["post-82","page","type-page","status-publish","hentry"],"yoast_head":"<!-- This site is optimized with the Yoast SEO plugin v27.5 - https:\/\/yoast.com\/product\/yoast-seo-wordpress\/ -->\n<title>Reserva - RIDE-TOURISM<\/title>\n<meta name=\"robots\" content=\"index, follow, max-snippet:-1, max-image-preview:large, max-video-preview:-1\" \/>\n<link rel=\"canonical\" href=\"https:\/\/ride-tourism.bike\/es\/reserve\/\" \/>\n<meta property=\"og:locale\" content=\"es_ES\" \/>\n<meta property=\"og:type\" content=\"article\" \/>\n<meta property=\"og:title\" content=\"Reserva - RIDE-TOURISM\" \/>\n<meta property=\"og:description\" content=\"Reserva tu alquiler de moto o tour con gu\u00eda usando el formulario a continuaci\u00f3n. Ten en cuenta que tenemos un n\u00famero limitado de motos disponibles en cada clase, por lo que es posible que no siempre podamos atender todas las solicitudes. \u00a1Agradecemos tu comprensi\u00f3n!\" \/>\n<meta property=\"og:url\" content=\"https:\/\/ride-tourism.bike\/es\/reserve\/\" \/>\n<meta property=\"og:site_name\" content=\"RIDE-TOURISM\" \/>\n<meta property=\"article:modified_time\" content=\"2026-05-07T08:18:10+00:00\" \/>\n<meta name=\"twitter:card\" content=\"summary_large_image\" \/>\n<meta name=\"twitter:label1\" content=\"Tiempo de lectura\" \/>\n\t<meta name=\"twitter:data1\" content=\"1 minuto\" \/>\n<script type=\"application\/ld+json\" class=\"yoast-schema-graph\">{\"@context\":\"https:\\\/\\\/schema.org\",\"@graph\":[{\"@type\":\"WebPage\",\"@id\":\"https:\\\/\\\/ride-tourism.bike\\\/es\\\/reserve\\\/\",\"url\":\"https:\\\/\\\/ride-tourism.bike\\\/es\\\/reserve\\\/\",\"name\":\"Reserva - RIDE-TOURISM\",\"isPartOf\":{\"@id\":\"https:\\\/\\\/ride-tourism.bike\\\/en\\\/#website\"},\"datePublished\":\"2026-02-02T01:32:18+00:00\",\"dateModified\":\"2026-05-07T08:18:10+00:00\",\"breadcrumb\":{\"@id\":\"https:\\\/\\\/ride-tourism.bike\\\/es\\\/reserve\\\/#breadcrumb\"},\"inLanguage\":\"es\",\"potentialAction\":[{\"@type\":\"ReadAction\",\"target\":[\"https:\\\/\\\/ride-tourism.bike\\\/es\\\/reserve\\\/\"]}]},{\"@type\":\"BreadcrumbList\",\"@id\":\"https:\\\/\\\/ride-tourism.bike\\\/es\\\/reserve\\\/#breadcrumb\",\"itemListElement\":[{\"@type\":\"ListItem\",\"position\":1,\"name\":\"\u30db\u30fc\u30e0\",\"item\":\"https:\\\/\\\/ride-tourism.bike\\\/es\\\/\"},{\"@type\":\"ListItem\",\"position\":2,\"name\":\"Reserva\"}]},{\"@type\":\"WebSite\",\"@id\":\"https:\\\/\\\/ride-tourism.bike\\\/en\\\/#website\",\"url\":\"https:\\\/\\\/ride-tourism.bike\\\/en\\\/\",\"name\":\"Motorcycle Rentals \uff06 Guided Tour Experience \\\"RIDE-TOURISM\\\"\",\"description\":\"\",\"publisher\":{\"@id\":\"https:\\\/\\\/ride-tourism.bike\\\/en\\\/#organization\"},\"potentialAction\":[{\"@type\":\"SearchAction\",\"target\":{\"@type\":\"EntryPoint\",\"urlTemplate\":\"https:\\\/\\\/ride-tourism.bike\\\/en\\\/?s={search_term_string}\"},\"query-input\":{\"@type\":\"PropertyValueSpecification\",\"valueRequired\":true,\"valueName\":\"search_term_string\"}}],\"inLanguage\":\"es\"},{\"@type\":\"Organization\",\"@id\":\"https:\\\/\\\/ride-tourism.bike\\\/en\\\/#organization\",\"name\":\"Motorcycle Rentals \uff06 Guided Tour Experience \\\"RIDE-TOURISM\\\"\",\"url\":\"https:\\\/\\\/ride-tourism.bike\\\/en\\\/\",\"logo\":{\"@type\":\"ImageObject\",\"inLanguage\":\"es\",\"@id\":\"https:\\\/\\\/ride-tourism.bike\\\/en\\\/#\\\/schema\\\/logo\\\/image\\\/\",\"url\":\"https:\\\/\\\/ride-tourism.bike\\\/es\\\/wp-content\\\/uploads\\\/2026\\\/02\\\/Gemini_Generated_Image_ryxq9aryxq9aryxq.png\",\"contentUrl\":\"https:\\\/\\\/ride-tourism.bike\\\/es\\\/wp-content\\\/uploads\\\/2026\\\/02\\\/Gemini_Generated_Image_ryxq9aryxq9aryxq.png\",\"width\":1024,\"height\":1024,\"caption\":\"Motorcycle Rentals \uff06 Guided Tour Experience \\\"RIDE-TOURISM\\\"\"},\"image\":{\"@id\":\"https:\\\/\\\/ride-tourism.bike\\\/en\\\/#\\\/schema\\\/logo\\\/image\\\/\"},\"sameAs\":[\"https:\\\/\\\/www.youtube.com\\\/@RIDETOURISM\"]}]}<\/script>\n<!-- \/ Yoast SEO plugin. -->","yoast_head_json":{"title":"Reserva - RIDE-TOURISM","robots":{"index":"index","follow":"follow","max-snippet":"max-snippet:-1","max-image-preview":"max-image-preview:large","max-video-preview":"max-video-preview:-1"},"canonical":"https:\/\/ride-tourism.bike\/es\/reserve\/","og_locale":"es_ES","og_type":"article","og_title":"Reserva - RIDE-TOURISM","og_description":"Reserva tu alquiler de moto o tour con gu\u00eda usando el formulario a continuaci\u00f3n. Ten en cuenta que tenemos un n\u00famero limitado de motos disponibles en cada clase, por lo que es posible que no siempre podamos atender todas las solicitudes. \u00a1Agradecemos tu comprensi\u00f3n!","og_url":"https:\/\/ride-tourism.bike\/es\/reserve\/","og_site_name":"RIDE-TOURISM","article_modified_time":"2026-05-07T08:18:10+00:00","twitter_card":"summary_large_image","twitter_misc":{"Tiempo de lectura":"1 minuto"},"schema":{"@context":"https:\/\/schema.org","@graph":[{"@type":"WebPage","@id":"https:\/\/ride-tourism.bike\/es\/reserve\/","url":"https:\/\/ride-tourism.bike\/es\/reserve\/","name":"Reserva - RIDE-TOURISM","isPartOf":{"@id":"https:\/\/ride-tourism.bike\/en\/#website"},"datePublished":"2026-02-02T01:32:18+00:00","dateModified":"2026-05-07T08:18:10+00:00","breadcrumb":{"@id":"https:\/\/ride-tourism.bike\/es\/reserve\/#breadcrumb"},"inLanguage":"es","potentialAction":[{"@type":"ReadAction","target":["https:\/\/ride-tourism.bike\/es\/reserve\/"]}]},{"@type":"BreadcrumbList","@id":"https:\/\/ride-tourism.bike\/es\/reserve\/#breadcrumb","itemListElement":[{"@type":"ListItem","position":1,"name":"\u30db\u30fc\u30e0","item":"https:\/\/ride-tourism.bike\/es\/"},{"@type":"ListItem","position":2,"name":"Reserva"}]},{"@type":"WebSite","@id":"https:\/\/ride-tourism.bike\/en\/#website","url":"https:\/\/ride-tourism.bike\/en\/","name":"Motorcycle Rentals \uff06 Guided Tour Experience \"RIDE-TOURISM\"","description":"","publisher":{"@id":"https:\/\/ride-tourism.bike\/en\/#organization"},"potentialAction":[{"@type":"SearchAction","target":{"@type":"EntryPoint","urlTemplate":"https:\/\/ride-tourism.bike\/en\/?s={search_term_string}"},"query-input":{"@type":"PropertyValueSpecification","valueRequired":true,"valueName":"search_term_string"}}],"inLanguage":"es"},{"@type":"Organization","@id":"https:\/\/ride-tourism.bike\/en\/#organization","name":"Motorcycle Rentals \uff06 Guided Tour Experience \"RIDE-TOURISM\"","url":"https:\/\/ride-tourism.bike\/en\/","logo":{"@type":"ImageObject","inLanguage":"es","@id":"https:\/\/ride-tourism.bike\/en\/#\/schema\/logo\/image\/","url":"https:\/\/ride-tourism.bike\/es\/wp-content\/uploads\/2026\/02\/Gemini_Generated_Image_ryxq9aryxq9aryxq.png","contentUrl":"https:\/\/ride-tourism.bike\/es\/wp-content\/uploads\/2026\/02\/Gemini_Generated_Image_ryxq9aryxq9aryxq.png","width":1024,"height":1024,"caption":"Motorcycle Rentals \uff06 Guided Tour Experience \"RIDE-TOURISM\""},"image":{"@id":"https:\/\/ride-tourism.bike\/en\/#\/schema\/logo\/image\/"},"sameAs":["https:\/\/www.youtube.com\/@RIDETOURISM"]}]}},"_links":{"self":[{"href":"https:\/\/ride-tourism.bike\/es\/wp-json\/wp\/v2\/pages\/82","targetHints":{"allow":["GET"]}}],"collection":[{"href":"https:\/\/ride-tourism.bike\/es\/wp-json\/wp\/v2\/pages"}],"about":[{"href":"https:\/\/ride-tourism.bike\/es\/wp-json\/wp\/v2\/types\/page"}],"author":[{"embeddable":true,"href":"https:\/\/ride-tourism.bike\/es\/wp-json\/wp\/v2\/users\/2"}],"replies":[{"embeddable":true,"href":"https:\/\/ride-tourism.bike\/es\/wp-json\/wp\/v2\/comments?post=82"}],"version-history":[{"count":11,"href":"https:\/\/ride-tourism.bike\/es\/wp-json\/wp\/v2\/pages\/82\/revisions"}],"predecessor-version":[{"id":1008,"href":"https:\/\/ride-tourism.bike\/es\/wp-json\/wp\/v2\/pages\/82\/revisions\/1008"}],"wp:attachment":[{"href":"https:\/\/ride-tourism.bike\/es\/wp-json\/wp\/v2\/media?parent=82"}],"curies":[{"name":"wp","href":"https:\/\/api.w.org\/{rel}","templated":true}]}}