	 
	 {"id":79,"date":"2026-02-02T10:31:16","date_gmt":"2026-02-02T01:31:16","guid":{"rendered":"http:\/\/xs710684.xsrv.jp\/pacific\/?page_id=79"},"modified":"2026-05-07T10:57:54","modified_gmt":"2026-05-07T01:57:54","slug":"access","status":"publish","type":"page","link":"https:\/\/ride-tourism.bike\/es\/access\/","title":{"rendered":"Ubicaci\u00f3n y C\u00f3mo Llegar"},"content":{"rendered":"\n<h2 class=\"wp-block-heading\">\u3000Sobre la Tienda<\/h2>\n\n\n<table style=\"background-color: #f7f7f7;\">\n<tbody>\n<tr style=\"height: 70px;\">\n<th style=\"width: 302px; height: 70px;\">Nombre de la tienda<\/th>\n<td style=\"width: 537px; height: 70px;\">\n<p class=\"p1\">Ride Tourism\u00a0<\/p>\n<\/td>\n<\/tr>\n<tr style=\"height: 124px;\">\n<th style=\"width: 302px; height: 124px;\">\n<p class=\"p1\">Tel\u00e9fono<\/p>\n<\/th>\n<td style=\"width: 537px; height: 124px;\">\n<p class=\"p1\">+81-70-8349-5819\uff08Chatea con nosotros por WhatsApp\uff09<br \/>Nota: Es posible que no podamos contestar llamadas mientras guiamos tours. Te devolveremos la llamada lo antes posible.<\/p>\n<\/td>\n<\/tr>\n<tr>\n<th style=\"width: 302px;\">\n<p class=\"p1\">E-mail<\/p>\n<\/th>\n<td style=\"width: 537px;\">\n<p class=\"p1\">info@ride-tourism.bike<\/p>\n<\/td>\n<\/tr>\n<tr style=\"height: 63px;\">\n<th style=\"width: 302px; height: 63px;\">\n<p class=\"p1\">Direcci\u00f3n<\/p>\n<\/th>\n<td style=\"width: 537px; height: 63px;\">\n<p class=\"p1\">\u00a06-15-30 Tsujido, Fujisawa, Kanagawa, Jap\u00f3n<br \/>\uff08A 60 minutos de Tokio\uff09<\/p>\n<\/td>\n<\/tr>\n<tr style=\"height: 63px;\">\n<th style=\"width: 302px; height: 63px;\">\n<p class=\"p1\">Horario<\/p>\n<\/th>\n<td style=\"width: 537px; height: 63px;\">\n<p class=\"p1\">Solo con reserva previa (sin d\u00edas de cierre fijos)<\/p>\n<\/td>\n<\/tr>\n<tr style=\"height: 63px;\">\n<th style=\"width: 302px; height: 63px;\">\n<p class=\"p1\">Aparcamiento<\/p>\n<\/th>\n<td style=\"width: 537px; height: 63px;\">\n<p class=\"p1\">Disponible para hasta 4 veh\u00edculos Por favor, inf\u00f3rmanos con antelaci\u00f3n si deseas utilizar el aparcamiento.<\/p>\n<\/td>\n<\/tr>\n<tr style=\"height: 63px;\">\n<th style=\"width: 302px; height: 63px;\">\n<p class=\"p1\">Instalaciones<\/p>\n<\/th>\n<td style=\"width: 537px; height: 63px;\">\n<p class=\"p1\">Aseo, vestuario y consigna de equipaje disponibles<\/p>\n<\/td>\n<\/tr>\n<tr style=\"height: 63px;\">\n<th style=\"width: 302px; height: 63px;\">\n<p class=\"p1\">Horarios de recogida del alquiler<br \/><br \/><\/p>\n<\/th>\n<td style=\"width: 537px; height: 63px;\">\n<p class=\"p1\">9:00 \/ 10:00 \/ 11:00 \/ 12:00\uff08Sin tour con gu\u00eda ni entrega\uff09<br \/>Si deseas un horario de recogida diferente, no dudes en contactarnos. Podemos adaptarnos a tu solicitud seg\u00fan la disponibilidad.<\/p>\n<\/td>\n<\/tr>\n<tr style=\"height: 63px;\">\n<th style=\"width: 302px; height: 63px;\">\n<p class=\"p1\">Hora de devoluci\u00f3n del alquiler<\/p>\n<\/th>\n<td style=\"width: 537px; height: 63px;\">\n<p class=\"p1\">Antes de las 20:00\uff0819:00 de noviembre a marzo\uff09<br \/>\uff08Sin tour con gu\u00eda ni entrega\uff09Si deseas una hora de devoluci\u00f3n diferente, no dudes en contactarnos. Podemos adaptarnos a tu solicitud seg\u00fan la disponibilidad.<\/p>\n<\/td>\n<\/tr>\n<\/tbody>\n<\/table>\n<p><\/p>\n\n\n<div class=\"wp-block-columns is-layout-flex wp-container-core-columns-is-layout-9d6595d7 wp-block-columns-is-layout-flex\">\n<div class=\"wp-block-column is-layout-flow wp-block-column-is-layout-flow\">\n<figure class=\"wp-block-image size-full\"><img decoding=\"async\" width=\"1020\" height=\"650\" src=\"https:\/\/ride-tourism.bike\/es\/wp-content\/uploads\/2026\/03\/image_instore01.jpg\" alt=\"\" class=\"wp-image-528\" srcset=\"https:\/\/ride-tourism.bike\/es\/wp-content\/uploads\/2026\/03\/image_instore01.jpg 1020w, https:\/\/ride-tourism.bike\/es\/wp-content\/uploads\/2026\/03\/image_instore01-300x191.jpg 300w, https:\/\/ride-tourism.bike\/es\/wp-content\/uploads\/2026\/03\/image_instore01-768x489.jpg 768w, https:\/\/ride-tourism.bike\/es\/wp-content\/uploads\/2026\/03\/image_instore01-720x460.jpg 720w, https:\/\/ride-tourism.bike\/es\/wp-content\/uploads\/2026\/03\/image_instore01-480x306.jpg 480w\" sizes=\"(max-width: 1020px) 100vw, 1020px\" \/><\/figure>\n<\/div>\n\n\n\n<div class=\"wp-block-column is-layout-flow wp-block-column-is-layout-flow\">\n<figure class=\"wp-block-image size-full\"><img decoding=\"async\" width=\"1020\" height=\"650\" src=\"https:\/\/ride-tourism.bike\/es\/wp-content\/uploads\/2026\/03\/image_instore02.jpg\" alt=\"\" class=\"wp-image-527\" srcset=\"https:\/\/ride-tourism.bike\/es\/wp-content\/uploads\/2026\/03\/image_instore02.jpg 1020w, https:\/\/ride-tourism.bike\/es\/wp-content\/uploads\/2026\/03\/image_instore02-300x191.jpg 300w, https:\/\/ride-tourism.bike\/es\/wp-content\/uploads\/2026\/03\/image_instore02-768x489.jpg 768w, https:\/\/ride-tourism.bike\/es\/wp-content\/uploads\/2026\/03\/image_instore02-720x460.jpg 720w, https:\/\/ride-tourism.bike\/es\/wp-content\/uploads\/2026\/03\/image_instore02-480x306.jpg 480w\" sizes=\"(max-width: 1020px) 100vw, 1020px\" \/><\/figure>\n<\/div>\n\n\n\n<div class=\"wp-block-column is-layout-flow wp-block-column-is-layout-flow\">\n<figure class=\"wp-block-image size-full\"><img decoding=\"async\" width=\"1020\" height=\"650\" src=\"https:\/\/ride-tourism.bike\/es\/wp-content\/uploads\/2026\/03\/image_instore03.jpg\" alt=\"\" class=\"wp-image-526\" srcset=\"https:\/\/ride-tourism.bike\/es\/wp-content\/uploads\/2026\/03\/image_instore03.jpg 1020w, https:\/\/ride-tourism.bike\/es\/wp-content\/uploads\/2026\/03\/image_instore03-300x191.jpg 300w, https:\/\/ride-tourism.bike\/es\/wp-content\/uploads\/2026\/03\/image_instore03-768x489.jpg 768w, https:\/\/ride-tourism.bike\/es\/wp-content\/uploads\/2026\/03\/image_instore03-720x460.jpg 720w, https:\/\/ride-tourism.bike\/es\/wp-content\/uploads\/2026\/03\/image_instore03-480x306.jpg 480w\" sizes=\"(max-width: 1020px) 100vw, 1020px\" \/><\/figure>\n<\/div>\n<\/div>\n\n\n\n<h2 class=\"wp-block-heading\">\u3000Ubicaci\u00f3n y C\u00f3mo Llegar<\/h2>\n\n\n\n<h4 class=\"wp-block-heading\">En tren<\/h4>\n\n\n\n<p>Desde Tokio (Estaci\u00f3n de Shinjuku): aprox. 70\u201380 minutos (tren + a pie)<br>Desde Tokio (Estaci\u00f3n de Shibuya): aprox. 60\u201370 minutos (tren + a pie)<br>Desde el Aeropuerto de Haneda: aprox. 60\u201370 minutos (tren + a pie)<br>Desde el Aeropuerto de Narita: aprox. 120\u2013130 minutos (tren + a pie)<br>Desde la Estaci\u00f3n de Yokohama: aprox. 40\u201350 minutos (tren + a pie)<\/p>\n\n\n\n<p>A aproximadamente 15 minutos a pie hacia el sur desde la Salida Sur de la Estaci\u00f3n \u00abTsujido\u00bb<br>de la L\u00ednea JR Tokaido.<br>Tambi\u00e9n ofrecemos un servicio de traslado gratuito con reserva previa.<\/p>\n\n\n\n<h4 class=\"wp-block-heading\">En coche<\/h4>\n\n\n\n<p>Aparcamiento disponible para hasta 4 veh\u00edculos.<br>Por favor, cont\u00e1ctanos con antelaci\u00f3n si deseas utilizar el aparcamiento.<\/p>\n\n\n\n<p>Convenientemente ubicado junto a la Ruta Prefectural 43 (Shonan Shindo), en un lugar accesible desde la carretera.<\/p>\n\n\n\n<iframe src=\"https:\/\/www.google.com\/maps\/embed?pb=!1m18!1m12!1m3!1d13020.723206490362!2d139.43879343879328!3d35.3263315!2m3!1f0!2f0!3f0!3m2!1i1024!2i768!4f13.1!3m3!1m2!1s0x60184db13be4e181%3A0x3096c58043b01161!2zbW90b3JjeWNsZSByZW50YWwgYmlrZSByZW50YWwgUklERS1UT1VSSVNNIOa5mOWNl-ODkOOCpOOCr-ODrOODs-OCv-ODqw!5e0!3m2!1sja!2sjp!4v1773560299838!5m2!1sja!2sjp\" width=\"1000\" height=\"700\" style=\"border:0;\" allowfullscreen=\"\" loading=\"lazy\" referrerpolicy=\"no-referrer-when-downgrade\"><\/iframe>\n\n\n\n<h2 class=\"wp-block-heading\">\u3000\u00a1Acceso a las Principales Atracciones Tur\u00edsticas desde Nuestra Tienda!<\/h2>\n\n\n\n<p>A solo 1,4 km de la costa (Ruta 134) \u2014 \u00a1a unos 3 minutos en moto!<\/p>\n\n\n\n<div class=\"wp-block-columns is-layout-flex wp-container-core-columns-is-layout-9d6595d7 wp-block-columns-is-layout-flex\">\n<div class=\"wp-block-column is-layout-flow wp-block-column-is-layout-flow\">\n<p>Enoshima: 12 minutos<\/p>\n\n\n\n<figure class=\"wp-block-image size-full is-style-default\"><img decoding=\"async\" width=\"1020\" height=\"650\" src=\"https:\/\/ride-tourism.bike\/es\/wp-content\/uploads\/2026\/03\/image_enoshima.jpg\" alt=\"\" class=\"wp-image-518\" srcset=\"https:\/\/ride-tourism.bike\/es\/wp-content\/uploads\/2026\/03\/image_enoshima.jpg 1020w, https:\/\/ride-tourism.bike\/es\/wp-content\/uploads\/2026\/03\/image_enoshima-300x191.jpg 300w, https:\/\/ride-tourism.bike\/es\/wp-content\/uploads\/2026\/03\/image_enoshima-768x489.jpg 768w, https:\/\/ride-tourism.bike\/es\/wp-content\/uploads\/2026\/03\/image_enoshima-720x460.jpg 720w, https:\/\/ride-tourism.bike\/es\/wp-content\/uploads\/2026\/03\/image_enoshima-480x306.jpg 480w\" sizes=\"(max-width: 1020px) 100vw, 1020px\" \/><\/figure>\n<\/div>\n\n\n\n<div class=\"wp-block-column is-layout-flow wp-block-column-is-layout-flow\">\n<p>Zona de Kamakura: 20\u201330 minutos<\/p>\n\n\n\n<figure class=\"wp-block-image size-full is-style-default\"><img decoding=\"async\" width=\"1020\" height=\"650\" src=\"https:\/\/ride-tourism.bike\/es\/wp-content\/uploads\/2026\/03\/image_kamakura.jpg\" alt=\"\" class=\"wp-image-517\" srcset=\"https:\/\/ride-tourism.bike\/es\/wp-content\/uploads\/2026\/03\/image_kamakura.jpg 1020w, https:\/\/ride-tourism.bike\/es\/wp-content\/uploads\/2026\/03\/image_kamakura-300x191.jpg 300w, https:\/\/ride-tourism.bike\/es\/wp-content\/uploads\/2026\/03\/image_kamakura-768x489.jpg 768w, https:\/\/ride-tourism.bike\/es\/wp-content\/uploads\/2026\/03\/image_kamakura-720x460.jpg 720w, https:\/\/ride-tourism.bike\/es\/wp-content\/uploads\/2026\/03\/image_kamakura-480x306.jpg 480w\" sizes=\"(max-width: 1020px) 100vw, 1020px\" \/><\/figure>\n\n\n\n<p><\/p>\n<\/div>\n\n\n\n<div class=\"wp-block-column is-layout-flow wp-block-column-is-layout-flow\">\n<p>Zona de Hakone: 30\u201340 minutos<\/p>\n\n\n\n<figure class=\"wp-block-image size-full is-style-default\"><img decoding=\"async\" width=\"1020\" height=\"650\" src=\"https:\/\/ride-tourism.bike\/es\/wp-content\/uploads\/2026\/03\/image_hakone.jpg\" alt=\"\" class=\"wp-image-516\" srcset=\"https:\/\/ride-tourism.bike\/es\/wp-content\/uploads\/2026\/03\/image_hakone.jpg 1020w, https:\/\/ride-tourism.bike\/es\/wp-content\/uploads\/2026\/03\/image_hakone-300x191.jpg 300w, https:\/\/ride-tourism.bike\/es\/wp-content\/uploads\/2026\/03\/image_hakone-768x489.jpg 768w, https:\/\/ride-tourism.bike\/es\/wp-content\/uploads\/2026\/03\/image_hakone-720x460.jpg 720w, https:\/\/ride-tourism.bike\/es\/wp-content\/uploads\/2026\/03\/image_hakone-480x306.jpg 480w\" sizes=\"(max-width: 1020px) 100vw, 1020px\" \/><\/figure>\n\n\n\n<p><\/p>\n<\/div>\n<\/div>\n\n\n\n<p>Los tiempos de desplazamiento no incluyen el tr\u00e1fico ni las esperas en sem\u00e1foros.<\/p>\n","protected":false},"excerpt":{"rendered":"\u3000Sobre la Tienda Nombre de la tienda Ride Tourism\u00a0 Tel\u00e9fono +81-70-8349-5819\uff08Chatea con nosotros por WhatsApp\uff09Nota: Es posible que no podamos contestar llamadas mientras guiamos tours. Te devolveremos la llamada lo antes posible. E-mail info@ride-tourism.bike Direcci\u00f3n \u00a06-15-30 Tsujido, Fujisawa, Kanagawa, Jap\u00f3n\uff08A 60 minutos de Tokio\uff09 Horario Solo con reserva previa (sin d\u00edas de cierre fijos) Aparcamiento [&hellip;]","protected":false},"author":2,"featured_media":0,"parent":0,"menu_order":6,"comment_status":"closed","ping_status":"closed","template":"","meta":{"footnotes":""},"class_list":["post-79","page","type-page","status-publish","hentry"],"yoast_head":"<!-- This site is optimized with the Yoast SEO plugin v27.5 - https:\/\/yoast.com\/product\/yoast-seo-wordpress\/ -->\n<title>Ubicaci\u00f3n y C\u00f3mo Llegar - RIDE-TOURISM<\/title>\n<meta name=\"description\" content=\"RIDE-TOURISM Ubicaci\u00f3n y C\u00f3mo Llegar\" \/>\n<meta name=\"robots\" content=\"index, follow, max-snippet:-1, max-image-preview:large, max-video-preview:-1\" \/>\n<link rel=\"canonical\" href=\"https:\/\/ride-tourism.bike\/es\/access\/\" \/>\n<meta property=\"og:locale\" content=\"es_ES\" \/>\n<meta property=\"og:type\" content=\"article\" \/>\n<meta property=\"og:title\" content=\"Ubicaci\u00f3n y C\u00f3mo Llegar - RIDE-TOURISM\" \/>\n<meta property=\"og:description\" content=\"RIDE-TOURISM Ubicaci\u00f3n y C\u00f3mo Llegar\" \/>\n<meta property=\"og:url\" content=\"https:\/\/ride-tourism.bike\/es\/access\/\" \/>\n<meta property=\"og:site_name\" content=\"RIDE-TOURISM\" \/>\n<meta property=\"article:modified_time\" content=\"2026-05-07T01:57:54+00:00\" \/>\n<meta property=\"og:image\" content=\"https:\/\/ride-tourism.bike\/es\/wp-content\/uploads\/2026\/03\/image_instore01.jpg\" \/>\n\t<meta property=\"og:image:width\" content=\"1020\" \/>\n\t<meta property=\"og:image:height\" content=\"650\" \/>\n\t<meta property=\"og:image:type\" content=\"image\/jpeg\" \/>\n<meta name=\"twitter:card\" content=\"summary_large_image\" \/>\n<meta name=\"twitter:label1\" content=\"Tiempo de lectura\" \/>\n\t<meta name=\"twitter:data1\" content=\"3 minutos\" \/>\n<script type=\"application\/ld+json\" class=\"yoast-schema-graph\">{\"@context\":\"https:\\\/\\\/schema.org\",\"@graph\":[{\"@type\":\"WebPage\",\"@id\":\"https:\\\/\\\/ride-tourism.bike\\\/es\\\/access\\\/\",\"url\":\"https:\\\/\\\/ride-tourism.bike\\\/es\\\/access\\\/\",\"name\":\"Ubicaci\u00f3n y C\u00f3mo Llegar - RIDE-TOURISM\",\"isPartOf\":{\"@id\":\"https:\\\/\\\/ride-tourism.bike\\\/en\\\/#website\"},\"primaryImageOfPage\":{\"@id\":\"https:\\\/\\\/ride-tourism.bike\\\/es\\\/access\\\/#primaryimage\"},\"image\":{\"@id\":\"https:\\\/\\\/ride-tourism.bike\\\/es\\\/access\\\/#primaryimage\"},\"thumbnailUrl\":\"https:\\\/\\\/ride-tourism.bike\\\/es\\\/wp-content\\\/uploads\\\/2026\\\/03\\\/image_instore01.jpg\",\"datePublished\":\"2026-02-02T01:31:16+00:00\",\"dateModified\":\"2026-05-07T01:57:54+00:00\",\"description\":\"RIDE-TOURISM Ubicaci\u00f3n y C\u00f3mo Llegar\",\"breadcrumb\":{\"@id\":\"https:\\\/\\\/ride-tourism.bike\\\/es\\\/access\\\/#breadcrumb\"},\"inLanguage\":\"es\",\"potentialAction\":[{\"@type\":\"ReadAction\",\"target\":[\"https:\\\/\\\/ride-tourism.bike\\\/es\\\/access\\\/\"]}]},{\"@type\":\"ImageObject\",\"inLanguage\":\"es\",\"@id\":\"https:\\\/\\\/ride-tourism.bike\\\/es\\\/access\\\/#primaryimage\",\"url\":\"https:\\\/\\\/ride-tourism.bike\\\/es\\\/wp-content\\\/uploads\\\/2026\\\/03\\\/image_instore01.jpg\",\"contentUrl\":\"https:\\\/\\\/ride-tourism.bike\\\/es\\\/wp-content\\\/uploads\\\/2026\\\/03\\\/image_instore01.jpg\",\"width\":1020,\"height\":650,\"caption\":\"motorcycle rental Japan\"},{\"@type\":\"BreadcrumbList\",\"@id\":\"https:\\\/\\\/ride-tourism.bike\\\/es\\\/access\\\/#breadcrumb\",\"itemListElement\":[{\"@type\":\"ListItem\",\"position\":1,\"name\":\"\u30db\u30fc\u30e0\",\"item\":\"https:\\\/\\\/ride-tourism.bike\\\/es\\\/\"},{\"@type\":\"ListItem\",\"position\":2,\"name\":\"Ubicaci\u00f3n y C\u00f3mo Llegar\"}]},{\"@type\":\"WebSite\",\"@id\":\"https:\\\/\\\/ride-tourism.bike\\\/en\\\/#website\",\"url\":\"https:\\\/\\\/ride-tourism.bike\\\/en\\\/\",\"name\":\"Motorcycle Rentals \uff06 Guided Tour Experience \\\"RIDE-TOURISM\\\"\",\"description\":\"\",\"publisher\":{\"@id\":\"https:\\\/\\\/ride-tourism.bike\\\/en\\\/#organization\"},\"potentialAction\":[{\"@type\":\"SearchAction\",\"target\":{\"@type\":\"EntryPoint\",\"urlTemplate\":\"https:\\\/\\\/ride-tourism.bike\\\/en\\\/?s={search_term_string}\"},\"query-input\":{\"@type\":\"PropertyValueSpecification\",\"valueRequired\":true,\"valueName\":\"search_term_string\"}}],\"inLanguage\":\"es\"},{\"@type\":\"Organization\",\"@id\":\"https:\\\/\\\/ride-tourism.bike\\\/en\\\/#organization\",\"name\":\"Motorcycle Rentals \uff06 Guided Tour Experience \\\"RIDE-TOURISM\\\"\",\"url\":\"https:\\\/\\\/ride-tourism.bike\\\/en\\\/\",\"logo\":{\"@type\":\"ImageObject\",\"inLanguage\":\"es\",\"@id\":\"https:\\\/\\\/ride-tourism.bike\\\/en\\\/#\\\/schema\\\/logo\\\/image\\\/\",\"url\":\"https:\\\/\\\/ride-tourism.bike\\\/es\\\/wp-content\\\/uploads\\\/2026\\\/02\\\/Gemini_Generated_Image_ryxq9aryxq9aryxq.png\",\"contentUrl\":\"https:\\\/\\\/ride-tourism.bike\\\/es\\\/wp-content\\\/uploads\\\/2026\\\/02\\\/Gemini_Generated_Image_ryxq9aryxq9aryxq.png\",\"width\":1024,\"height\":1024,\"caption\":\"Motorcycle Rentals \uff06 Guided Tour Experience \\\"RIDE-TOURISM\\\"\"},\"image\":{\"@id\":\"https:\\\/\\\/ride-tourism.bike\\\/en\\\/#\\\/schema\\\/logo\\\/image\\\/\"},\"sameAs\":[\"https:\\\/\\\/www.youtube.com\\\/@RIDETOURISM\"]}]}<\/script>\n<!-- \/ Yoast SEO plugin. -->","yoast_head_json":{"title":"Ubicaci\u00f3n y C\u00f3mo Llegar - RIDE-TOURISM","description":"RIDE-TOURISM Ubicaci\u00f3n y C\u00f3mo Llegar","robots":{"index":"index","follow":"follow","max-snippet":"max-snippet:-1","max-image-preview":"max-image-preview:large","max-video-preview":"max-video-preview:-1"},"canonical":"https:\/\/ride-tourism.bike\/es\/access\/","og_locale":"es_ES","og_type":"article","og_title":"Ubicaci\u00f3n y C\u00f3mo Llegar - RIDE-TOURISM","og_description":"RIDE-TOURISM Ubicaci\u00f3n y C\u00f3mo Llegar","og_url":"https:\/\/ride-tourism.bike\/es\/access\/","og_site_name":"RIDE-TOURISM","article_modified_time":"2026-05-07T01:57:54+00:00","og_image":[{"width":1020,"height":650,"url":"https:\/\/ride-tourism.bike\/es\/wp-content\/uploads\/2026\/03\/image_instore01.jpg","type":"image\/jpeg"}],"twitter_card":"summary_large_image","twitter_misc":{"Tiempo de lectura":"3 minutos"},"schema":{"@context":"https:\/\/schema.org","@graph":[{"@type":"WebPage","@id":"https:\/\/ride-tourism.bike\/es\/access\/","url":"https:\/\/ride-tourism.bike\/es\/access\/","name":"Ubicaci\u00f3n y C\u00f3mo Llegar - RIDE-TOURISM","isPartOf":{"@id":"https:\/\/ride-tourism.bike\/en\/#website"},"primaryImageOfPage":{"@id":"https:\/\/ride-tourism.bike\/es\/access\/#primaryimage"},"image":{"@id":"https:\/\/ride-tourism.bike\/es\/access\/#primaryimage"},"thumbnailUrl":"https:\/\/ride-tourism.bike\/es\/wp-content\/uploads\/2026\/03\/image_instore01.jpg","datePublished":"2026-02-02T01:31:16+00:00","dateModified":"2026-05-07T01:57:54+00:00","description":"RIDE-TOURISM Ubicaci\u00f3n y C\u00f3mo Llegar","breadcrumb":{"@id":"https:\/\/ride-tourism.bike\/es\/access\/#breadcrumb"},"inLanguage":"es","potentialAction":[{"@type":"ReadAction","target":["https:\/\/ride-tourism.bike\/es\/access\/"]}]},{"@type":"ImageObject","inLanguage":"es","@id":"https:\/\/ride-tourism.bike\/es\/access\/#primaryimage","url":"https:\/\/ride-tourism.bike\/es\/wp-content\/uploads\/2026\/03\/image_instore01.jpg","contentUrl":"https:\/\/ride-tourism.bike\/es\/wp-content\/uploads\/2026\/03\/image_instore01.jpg","width":1020,"height":650,"caption":"motorcycle rental Japan"},{"@type":"BreadcrumbList","@id":"https:\/\/ride-tourism.bike\/es\/access\/#breadcrumb","itemListElement":[{"@type":"ListItem","position":1,"name":"\u30db\u30fc\u30e0","item":"https:\/\/ride-tourism.bike\/es\/"},{"@type":"ListItem","position":2,"name":"Ubicaci\u00f3n y C\u00f3mo Llegar"}]},{"@type":"WebSite","@id":"https:\/\/ride-tourism.bike\/en\/#website","url":"https:\/\/ride-tourism.bike\/en\/","name":"Motorcycle Rentals \uff06 Guided Tour Experience \"RIDE-TOURISM\"","description":"","publisher":{"@id":"https:\/\/ride-tourism.bike\/en\/#organization"},"potentialAction":[{"@type":"SearchAction","target":{"@type":"EntryPoint","urlTemplate":"https:\/\/ride-tourism.bike\/en\/?s={search_term_string}"},"query-input":{"@type":"PropertyValueSpecification","valueRequired":true,"valueName":"search_term_string"}}],"inLanguage":"es"},{"@type":"Organization","@id":"https:\/\/ride-tourism.bike\/en\/#organization","name":"Motorcycle Rentals \uff06 Guided Tour Experience \"RIDE-TOURISM\"","url":"https:\/\/ride-tourism.bike\/en\/","logo":{"@type":"ImageObject","inLanguage":"es","@id":"https:\/\/ride-tourism.bike\/en\/#\/schema\/logo\/image\/","url":"https:\/\/ride-tourism.bike\/es\/wp-content\/uploads\/2026\/02\/Gemini_Generated_Image_ryxq9aryxq9aryxq.png","contentUrl":"https:\/\/ride-tourism.bike\/es\/wp-content\/uploads\/2026\/02\/Gemini_Generated_Image_ryxq9aryxq9aryxq.png","width":1024,"height":1024,"caption":"Motorcycle Rentals \uff06 Guided Tour Experience \"RIDE-TOURISM\""},"image":{"@id":"https:\/\/ride-tourism.bike\/en\/#\/schema\/logo\/image\/"},"sameAs":["https:\/\/www.youtube.com\/@RIDETOURISM"]}]}},"_links":{"self":[{"href":"https:\/\/ride-tourism.bike\/es\/wp-json\/wp\/v2\/pages\/79","targetHints":{"allow":["GET"]}}],"collection":[{"href":"https:\/\/ride-tourism.bike\/es\/wp-json\/wp\/v2\/pages"}],"about":[{"href":"https:\/\/ride-tourism.bike\/es\/wp-json\/wp\/v2\/types\/page"}],"author":[{"embeddable":true,"href":"https:\/\/ride-tourism.bike\/es\/wp-json\/wp\/v2\/users\/2"}],"replies":[{"embeddable":true,"href":"https:\/\/ride-tourism.bike\/es\/wp-json\/wp\/v2\/comments?post=79"}],"version-history":[{"count":41,"href":"https:\/\/ride-tourism.bike\/es\/wp-json\/wp\/v2\/pages\/79\/revisions"}],"predecessor-version":[{"id":1005,"href":"https:\/\/ride-tourism.bike\/es\/wp-json\/wp\/v2\/pages\/79\/revisions\/1005"}],"wp:attachment":[{"href":"https:\/\/ride-tourism.bike\/es\/wp-json\/wp\/v2\/media?parent=79"}],"curies":[{"name":"wp","href":"https:\/\/api.w.org\/{rel}","templated":true}]}}