	 
	 {"id":39,"date":"2026-01-25T13:11:11","date_gmt":"2026-01-25T04:11:11","guid":{"rendered":"http:\/\/xs710684.xsrv.jp\/pacific\/front-page\/"},"modified":"2026-05-08T16:23:24","modified_gmt":"2026-05-08T07:23:24","slug":"front-page","status":"publish","type":"page","link":"https:\/\/ride-tourism.bike\/es\/","title":{"rendered":"One-Way Motorcycle Rental &amp; Motorbike Hire \u2013 Tokyo | Yokohama | Kamakura | Mt. Fuji | Hakone | Japan"},"content":{"rendered":"\n<p><\/p>\n\n\n\n<p><\/p>\n\n\n\n<p><\/p>\n","protected":false},"excerpt":{"rendered":"","protected":false},"author":2,"featured_media":0,"parent":0,"menu_order":0,"comment_status":"closed","ping_status":"closed","template":"","meta":{"footnotes":""},"class_list":["post-39","page","type-page","status-publish","hentry"],"yoast_head":"<!-- This site is optimized with the Yoast SEO plugin v27.5 - https:\/\/yoast.com\/product\/yoast-seo-wordpress\/ -->\n<title>Alquiler de Moto en Jap\u00f3n | RIDE-TOURISM<\/title>\n<meta name=\"description\" content=\"Alquiler de motos cerca de Tokio con entrega en hotel. Tours guiados por Jap\u00f3n. Reserva f\u00e1cil desde Espa\u00f1a y Latinoam\u00e9rica. \u00a1Explora Jap\u00f3n en moto!\" \/>\n<meta name=\"robots\" content=\"index, follow, max-snippet:-1, max-image-preview:large, max-video-preview:-1\" \/>\n<link rel=\"canonical\" href=\"https:\/\/ride-tourism.bike\/es\/\" \/>\n<meta property=\"og:locale\" content=\"es_ES\" \/>\n<meta property=\"og:type\" content=\"article\" \/>\n<meta property=\"og:title\" content=\"Alquiler de Moto en Jap\u00f3n | RIDE-TOURISM\" \/>\n<meta property=\"og:description\" content=\"Alquiler de motos cerca de Tokio con entrega en hotel. Tours guiados por Jap\u00f3n. Reserva f\u00e1cil desde Espa\u00f1a y Latinoam\u00e9rica. \u00a1Explora Jap\u00f3n en moto!\" \/>\n<meta property=\"og:url\" content=\"https:\/\/ride-tourism.bike\/es\/\" \/>\n<meta property=\"og:site_name\" content=\"RIDE-TOURISM\" \/>\n<meta property=\"article:modified_time\" content=\"2026-05-08T07:23:24+00:00\" \/>\n<meta name=\"twitter:card\" content=\"summary_large_image\" \/>\n<script type=\"application\/ld+json\" class=\"yoast-schema-graph\">{\"@context\":\"https:\\\/\\\/schema.org\",\"@graph\":[{\"@type\":\"WebPage\",\"@id\":\"https:\\\/\\\/ride-tourism.bike\\\/es\\\/\",\"url\":\"https:\\\/\\\/ride-tourism.bike\\\/es\\\/\",\"name\":\"Alquiler de Moto en Jap\u00f3n | RIDE-TOURISM\",\"isPartOf\":{\"@id\":\"https:\\\/\\\/ride-tourism.bike\\\/en\\\/#website\"},\"datePublished\":\"2026-01-25T04:11:11+00:00\",\"dateModified\":\"2026-05-08T07:23:24+00:00\",\"description\":\"Alquiler de motos cerca de Tokio con entrega en hotel. Tours guiados por Jap\u00f3n. Reserva f\u00e1cil desde Espa\u00f1a y Latinoam\u00e9rica. \u00a1Explora Jap\u00f3n en moto!\",\"breadcrumb\":{\"@id\":\"https:\\\/\\\/ride-tourism.bike\\\/es\\\/#breadcrumb\"},\"inLanguage\":\"es\",\"potentialAction\":[{\"@type\":\"ReadAction\",\"target\":[\"https:\\\/\\\/ride-tourism.bike\\\/es\\\/\"]}]},{\"@type\":\"BreadcrumbList\",\"@id\":\"https:\\\/\\\/ride-tourism.bike\\\/es\\\/#breadcrumb\",\"itemListElement\":[{\"@type\":\"ListItem\",\"position\":1,\"name\":\"\u30db\u30fc\u30e0\",\"item\":\"https:\\\/\\\/ride-tourism.bike\\\/es\\\/\"},{\"@type\":\"ListItem\",\"position\":2,\"name\":\"One-Way Motorcycle Rental &amp; Motorbike Hire \u2013 Tokyo | Yokohama | Kamakura | Mt. Fuji | Hakone | Japan\"}]},{\"@type\":\"WebSite\",\"@id\":\"https:\\\/\\\/ride-tourism.bike\\\/en\\\/#website\",\"url\":\"https:\\\/\\\/ride-tourism.bike\\\/en\\\/\",\"name\":\"Motorcycle Rentals \uff06 Guided Tour Experience \\\"RIDE-TOURISM\\\"\",\"description\":\"\",\"publisher\":{\"@id\":\"https:\\\/\\\/ride-tourism.bike\\\/en\\\/#organization\"},\"potentialAction\":[{\"@type\":\"SearchAction\",\"target\":{\"@type\":\"EntryPoint\",\"urlTemplate\":\"https:\\\/\\\/ride-tourism.bike\\\/en\\\/?s={search_term_string}\"},\"query-input\":{\"@type\":\"PropertyValueSpecification\",\"valueRequired\":true,\"valueName\":\"search_term_string\"}}],\"inLanguage\":\"es\"},{\"@type\":\"Organization\",\"@id\":\"https:\\\/\\\/ride-tourism.bike\\\/en\\\/#organization\",\"name\":\"Motorcycle Rentals \uff06 Guided Tour Experience \\\"RIDE-TOURISM\\\"\",\"url\":\"https:\\\/\\\/ride-tourism.bike\\\/en\\\/\",\"logo\":{\"@type\":\"ImageObject\",\"inLanguage\":\"es\",\"@id\":\"https:\\\/\\\/ride-tourism.bike\\\/en\\\/#\\\/schema\\\/logo\\\/image\\\/\",\"url\":\"https:\\\/\\\/ride-tourism.bike\\\/es\\\/wp-content\\\/uploads\\\/2026\\\/02\\\/Gemini_Generated_Image_ryxq9aryxq9aryxq.png\",\"contentUrl\":\"https:\\\/\\\/ride-tourism.bike\\\/es\\\/wp-content\\\/uploads\\\/2026\\\/02\\\/Gemini_Generated_Image_ryxq9aryxq9aryxq.png\",\"width\":1024,\"height\":1024,\"caption\":\"Motorcycle Rentals \uff06 Guided Tour Experience \\\"RIDE-TOURISM\\\"\"},\"image\":{\"@id\":\"https:\\\/\\\/ride-tourism.bike\\\/en\\\/#\\\/schema\\\/logo\\\/image\\\/\"},\"sameAs\":[\"https:\\\/\\\/www.youtube.com\\\/@RIDETOURISM\"]}]}<\/script>\n<!-- \/ Yoast SEO plugin. -->","yoast_head_json":{"title":"Alquiler de Moto en Jap\u00f3n | RIDE-TOURISM","description":"Alquiler de motos cerca de Tokio con entrega en hotel. Tours guiados por Jap\u00f3n. Reserva f\u00e1cil desde Espa\u00f1a y Latinoam\u00e9rica. \u00a1Explora Jap\u00f3n en moto!","robots":{"index":"index","follow":"follow","max-snippet":"max-snippet:-1","max-image-preview":"max-image-preview:large","max-video-preview":"max-video-preview:-1"},"canonical":"https:\/\/ride-tourism.bike\/es\/","og_locale":"es_ES","og_type":"article","og_title":"Alquiler de Moto en Jap\u00f3n | RIDE-TOURISM","og_description":"Alquiler de motos cerca de Tokio con entrega en hotel. Tours guiados por Jap\u00f3n. Reserva f\u00e1cil desde Espa\u00f1a y Latinoam\u00e9rica. \u00a1Explora Jap\u00f3n en moto!","og_url":"https:\/\/ride-tourism.bike\/es\/","og_site_name":"RIDE-TOURISM","article_modified_time":"2026-05-08T07:23:24+00:00","twitter_card":"summary_large_image","schema":{"@context":"https:\/\/schema.org","@graph":[{"@type":"WebPage","@id":"https:\/\/ride-tourism.bike\/es\/","url":"https:\/\/ride-tourism.bike\/es\/","name":"Alquiler de Moto en Jap\u00f3n | RIDE-TOURISM","isPartOf":{"@id":"https:\/\/ride-tourism.bike\/en\/#website"},"datePublished":"2026-01-25T04:11:11+00:00","dateModified":"2026-05-08T07:23:24+00:00","description":"Alquiler de motos cerca de Tokio con entrega en hotel. Tours guiados por Jap\u00f3n. Reserva f\u00e1cil desde Espa\u00f1a y Latinoam\u00e9rica. \u00a1Explora Jap\u00f3n en moto!","breadcrumb":{"@id":"https:\/\/ride-tourism.bike\/es\/#breadcrumb"},"inLanguage":"es","potentialAction":[{"@type":"ReadAction","target":["https:\/\/ride-tourism.bike\/es\/"]}]},{"@type":"BreadcrumbList","@id":"https:\/\/ride-tourism.bike\/es\/#breadcrumb","itemListElement":[{"@type":"ListItem","position":1,"name":"\u30db\u30fc\u30e0","item":"https:\/\/ride-tourism.bike\/es\/"},{"@type":"ListItem","position":2,"name":"One-Way Motorcycle Rental &amp; Motorbike Hire \u2013 Tokyo | Yokohama | Kamakura | Mt. Fuji | Hakone | Japan"}]},{"@type":"WebSite","@id":"https:\/\/ride-tourism.bike\/en\/#website","url":"https:\/\/ride-tourism.bike\/en\/","name":"Motorcycle Rentals \uff06 Guided Tour Experience \"RIDE-TOURISM\"","description":"","publisher":{"@id":"https:\/\/ride-tourism.bike\/en\/#organization"},"potentialAction":[{"@type":"SearchAction","target":{"@type":"EntryPoint","urlTemplate":"https:\/\/ride-tourism.bike\/en\/?s={search_term_string}"},"query-input":{"@type":"PropertyValueSpecification","valueRequired":true,"valueName":"search_term_string"}}],"inLanguage":"es"},{"@type":"Organization","@id":"https:\/\/ride-tourism.bike\/en\/#organization","name":"Motorcycle Rentals \uff06 Guided Tour Experience \"RIDE-TOURISM\"","url":"https:\/\/ride-tourism.bike\/en\/","logo":{"@type":"ImageObject","inLanguage":"es","@id":"https:\/\/ride-tourism.bike\/en\/#\/schema\/logo\/image\/","url":"https:\/\/ride-tourism.bike\/es\/wp-content\/uploads\/2026\/02\/Gemini_Generated_Image_ryxq9aryxq9aryxq.png","contentUrl":"https:\/\/ride-tourism.bike\/es\/wp-content\/uploads\/2026\/02\/Gemini_Generated_Image_ryxq9aryxq9aryxq.png","width":1024,"height":1024,"caption":"Motorcycle Rentals \uff06 Guided Tour Experience \"RIDE-TOURISM\""},"image":{"@id":"https:\/\/ride-tourism.bike\/en\/#\/schema\/logo\/image\/"},"sameAs":["https:\/\/www.youtube.com\/@RIDETOURISM"]}]}},"_links":{"self":[{"href":"https:\/\/ride-tourism.bike\/es\/wp-json\/wp\/v2\/pages\/39","targetHints":{"allow":["GET"]}}],"collection":[{"href":"https:\/\/ride-tourism.bike\/es\/wp-json\/wp\/v2\/pages"}],"about":[{"href":"https:\/\/ride-tourism.bike\/es\/wp-json\/wp\/v2\/types\/page"}],"author":[{"embeddable":true,"href":"https:\/\/ride-tourism.bike\/es\/wp-json\/wp\/v2\/users\/2"}],"replies":[{"embeddable":true,"href":"https:\/\/ride-tourism.bike\/es\/wp-json\/wp\/v2\/comments?post=39"}],"version-history":[{"count":4,"href":"https:\/\/ride-tourism.bike\/es\/wp-json\/wp\/v2\/pages\/39\/revisions"}],"predecessor-version":[{"id":951,"href":"https:\/\/ride-tourism.bike\/es\/wp-json\/wp\/v2\/pages\/39\/revisions\/951"}],"wp:attachment":[{"href":"https:\/\/ride-tourism.bike\/es\/wp-json\/wp\/v2\/media?parent=39"}],"curies":[{"name":"wp","href":"https:\/\/api.w.org\/{rel}","templated":true}]}}