	 
	 {"id":3,"date":"2026-01-25T13:08:36","date_gmt":"2026-01-25T04:08:36","guid":{"rendered":"http:\/\/xs710684.xsrv.jp\/pacific\/?page_id=3"},"modified":"2026-05-07T17:35:59","modified_gmt":"2026-05-07T08:35:59","slug":"privacy","status":"publish","type":"page","link":"https:\/\/ride-tourism.bike\/es\/privacy\/","title":{"rendered":"Pol\u00edtica de Privacidad"},"content":{"rendered":"\n<div style=\"max-width:800px; margin:0 auto; padding:40px 20px; font-family:sans-serif; color:#333;\">\n\n  <!-- \u30d8\u30c3\u30c0\u30fc -->\n  <div style=\"background:#ff6b35; border-radius:12px; padding:24px 28px; margin-bottom:32px;\">\n    <h2 style=\"color:#fff; font-size:20px; font-weight:500; margin:0 0 8px;\">\ud83d\udee1\ufe0f Pol\u00edtica de Privacidad<\/h2>\n    <p style=\"color:rgba(255,255,255,0.85); font-size:13px; margin:0;\">Ride Tourism \u2014 Protecci\u00f3n de Datos Personales<\/p>\n  <\/div>\n\n  <!-- \u30a4\u30f3\u30c8\u30ed -->\n  <div style=\"background:#f8f8f8; border-radius:10px; padding:20px 24px; margin-bottom:24px; font-size:14px; line-height:1.8; color:#444;\">\n    Ride Tourism (\u00abnosotros\u00bb o \u00abnuestro\u00bb) est\u00e1 comprometido con la protecci\u00f3n de la informaci\u00f3n personal. Hemos establecido esta Pol\u00edtica de Privacidad, implementado un sistema para salvaguardar los datos personales y nos aseguramos de que todos los empleados comprendan la importancia de la protecci\u00f3n de la informaci\u00f3n personal.\n  <\/div>\n\n  <!-- \u30bb\u30af\u30b7\u30e7\u30f31 -->\n  <div style=\"margin-bottom:24px;\">\n    <div style=\"display:flex; align-items:center; gap:10px; margin-bottom:12px;\">\n      <div style=\"background:#ff6b35; color:#fff; border-radius:50%; width:28px; height:28px; display:flex; align-items:center; justify-content:center; font-size:13px; font-weight:bold; flex-shrink:0;\">1<\/div>\n      <h3 style=\"font-size:16px; font-weight:500; color:#222; margin:0;\">Tratamiento de la Informaci\u00f3n Personal<\/h3>\n    <\/div>\n    <div style=\"border-left:3px solid #ff6b35; padding:12px 20px; background:#fff8f5; border-radius:0 8px 8px 0; font-size:14px; line-height:1.8; color:#444;\">\n      Reconocemos la importancia de la informaci\u00f3n personal y la tratamos de conformidad con las leyes y regulaciones japonesas aplicables, as\u00ed como con nuestras propias pol\u00edticas de privacidad.\n    <\/div>\n  <\/div>\n\n  <!-- \u30bb\u30af\u30b7\u30e7\u30f32 -->\n  <div style=\"margin-bottom:24px;\">\n    <div style=\"display:flex; align-items:center; gap:10px; margin-bottom:12px;\">\n      <div style=\"background:#ff6b35; color:#fff; border-radius:50%; width:28px; height:28px; display:flex; align-items:center; justify-content:center; font-size:13px; font-weight:bold; flex-shrink:0;\">2<\/div>\n      <h3 style=\"font-size:16px; font-weight:500; color:#222; margin:0;\">Gesti\u00f3n de la Informaci\u00f3n Personal<\/h3>\n    <\/div>\n    <div style=\"border-left:3px solid #ff6b35; padding:12px 20px; background:#fff8f5; border-radius:0 8px 8px 0; font-size:14px; line-height:1.8; color:#444;\">\n      Tomamos las medidas necesarias para mantener tu informaci\u00f3n personal precisa y actualizada, y para prevenir el acceso no autorizado, p\u00e9rdida, da\u00f1o, alteraci\u00f3n o filtraci\u00f3n. Estas medidas incluyen el mantenimiento de sistemas de seguridad, la implementaci\u00f3n de estructuras de gesti\u00f3n adecuadas y la formaci\u00f3n exhaustiva de los empleados.\n    <\/div>\n  <\/div>\n\n  <!-- \u30bb\u30af\u30b7\u30e7\u30f33 -->\n  <div style=\"margin-bottom:24px;\">\n    <div style=\"display:flex; align-items:center; gap:10px; margin-bottom:12px;\">\n      <div style=\"background:#ff6b35; color:#fff; border-radius:50%; width:28px; height:28px; display:flex; align-items:center; justify-content:center; font-size:13px; font-weight:bold; flex-shrink:0;\">3<\/div>\n      <h3 style=\"font-size:16px; font-weight:500; color:#222; margin:0;\">Finalidad del Uso<\/h3>\n    <\/div>\n    <div style=\"border-left:3px solid #ff6b35; padding:12px 20px; background:#fff8f5; border-radius:0 8px 8px 0; font-size:14px; line-height:1.8; color:#444;\">\n      En este sitio web, es posible que se te solicite proporcionar informaci\u00f3n personal como tu nombre, direcci\u00f3n de correo electr\u00f3nico o n\u00famero de tel\u00e9fono al realizar consultas. Esta informaci\u00f3n solo se utilizar\u00e1 para el prop\u00f3sito para el que la proporcionas. Usamos tu informaci\u00f3n para contactarte, prestarte servicios, responder a consultas y enviarte materiales o correos electr\u00f3nicos relevantes.\n    <\/div>\n  <\/div>\n\n  <!-- \u30bb\u30af\u30b7\u30e7\u30f34 -->\n  <div style=\"margin-bottom:24px;\">\n    <div style=\"display:flex; align-items:center; gap:10px; margin-bottom:12px;\">\n      <div style=\"background:#ff6b35; color:#fff; border-radius:50%; width:28px; height:28px; display:flex; align-items:center; justify-content:center; font-size:13px; font-weight:bold; flex-shrink:0;\">4<\/div>\n      <h3 style=\"font-size:16px; font-weight:500; color:#222; margin:0;\">Divulgaci\u00f3n a Terceros<\/h3>\n    <\/div>\n    <div style=\"border-left:3px solid #ff6b35; padding:12px 20px; background:#fff8f5; border-radius:0 8px 8px 0; font-size:14px; line-height:1.8; color:#444;\">\n      Gestionamos tu informaci\u00f3n personal de forma adecuada y no la compartimos con terceros, excepto en los siguientes casos:\n      <ul style=\"margin:12px 0 0; padding-left:20px;\">\n        <li style=\"margin-bottom:6px;\">Con tu consentimiento<\/li>\n        <li style=\"margin-bottom:6px;\">Cuando sea necesario para prestarte los servicios que has solicitado, y solo a contratistas que nos ayuden a prestar dichos servicios<\/li>\n        <li>Cuando lo exija la ley<\/li>\n      <\/ul>\n    <\/div>\n  <\/div>\n\n  <!-- \u30bb\u30af\u30b7\u30e7\u30f35 -->\n  <div style=\"margin-bottom:24px;\">\n    <div style=\"display:flex; align-items:center; gap:10px; margin-bottom:12px;\">\n      <div style=\"background:#ff6b35; color:#fff; border-radius:50%; width:28px; height:28px; display:flex; align-items:center; justify-content:center; font-size:13px; font-weight:bold; flex-shrink:0;\">5<\/div>\n      <h3 style=\"font-size:16px; font-weight:500; color:#222; margin:0;\">Medidas de Seguridad<\/h3>\n    <\/div>\n    <div style=\"border-left:3px solid #ff6b35; padding:12px 20px; background:#fff8f5; border-radius:0 8px 8px 0; font-size:14px; line-height:1.8; color:#444;\">\n      Implementamos s\u00f3lidas medidas de seguridad para garantizar la precisi\u00f3n y seguridad de tu informaci\u00f3n personal.\n    <\/div>\n  <\/div>\n\n  <!-- \u30bb\u30af\u30b7\u30e7\u30f36 -->\n  <div style=\"margin-bottom:24px;\">\n    <div style=\"display:flex; align-items:center; gap:10px; margin-bottom:12px;\">\n      <div style=\"background:#ff6b35; color:#fff; border-radius:50%; width:28px; height:28px; display:flex; align-items:center; justify-content:center; font-size:13px; font-weight:bold; flex-shrink:0;\">6<\/div>\n      <h3 style=\"font-size:16px; font-weight:500; color:#222; margin:0;\">Acceso y Correcci\u00f3n<\/h3>\n    <\/div>\n    <div style=\"border-left:3px solid #ff6b35; padding:12px 20px; background:#fff8f5; border-radius:0 8px 8px 0; font-size:14px; line-height:1.8; color:#444;\">\n      Puedes solicitar acceder, corregir o eliminar tu informaci\u00f3n personal. Verificaremos tu identidad antes de procesar dichas solicitudes.\n    <\/div>\n  <\/div>\n\n  <!-- \u30bb\u30af\u30b7\u30e7\u30f37 -->\n  <div style=\"margin-bottom:24px;\">\n    <div style=\"display:flex; align-items:center; gap:10px; margin-bottom:12px;\">\n      <div style=\"background:#ff6b35; color:#fff; border-radius:50%; width:28px; height:28px; display:flex; align-items:center; justify-content:center; font-size:13px; font-weight:bold; flex-shrink:0;\">7<\/div>\n      <h3 style=\"font-size:16px; font-weight:500; color:#222; margin:0;\">Cumplimiento y Revisi\u00f3n<\/h3>\n    <\/div>\n    <div style=\"border-left:3px solid #ff6b35; padding:12px 20px; background:#fff8f5; border-radius:0 8px 8px 0; font-size:14px; line-height:1.8; color:#444;\">\n      Cumplimos con las leyes y regulaciones japonesas aplicables en materia de informaci\u00f3n personal y revisamos peri\u00f3dicamente esta Pol\u00edtica de Privacidad para mejorar nuestras pr\u00e1cticas.\n    <\/div>\n  <\/div>\n\n  <!-- \u9023\u7d61\u5148 -->\n  <div style=\"background:#222; border-radius:12px; padding:24px 28px; margin-top:32px;\">\n    <h3 style=\"color:#fff; font-size:16px; font-weight:500; margin:0 0 16px;\">\ud83d\udcec Contacto<\/h3>\n    <p style=\"color:#ccc; font-size:13px; line-height:1.8; margin:0 0 12px;\">\n      Para cualquier pregunta sobre el tratamiento de la informaci\u00f3n personal, p\u00f3ngase en contacto con:\n    <\/p>\n    <div style=\"background:#333; border-radius:8px; padding:16px 20px; font-size:14px; color:#fff; line-height:2;\">\n      <strong>Ride Tourism<\/strong><br>\n      \ud83d\udccd 6-15-30 Tsujido, Fujisawa, Kanagawa, Jap\u00f3n<br>\n      \ud83d\udcde TEL: 070-8349-5819<br>\n      \ud83d\udcac WhatsApp: +81-70-8349-5819\n    <\/div>\n  <\/div>\n\n<\/div>\n","protected":false},"excerpt":{"rendered":"\ud83d\udee1\ufe0f Pol\u00edtica de Privacidad Ride Tourism \u2014 Protecci\u00f3n de Datos Personales Ride Tourism (\u00abnosotros\u00bb o \u00abnuestro\u00bb) est\u00e1 comprometido con la protecci\u00f3n de la informaci\u00f3n personal. Hemos establecido esta Pol\u00edtica de Privacidad, implementado un sistema para salvaguardar los datos personales y nos aseguramos de que todos los empleados comprendan la importancia de la protecci\u00f3n de la [&hellip;]","protected":false},"author":2,"featured_media":0,"parent":0,"menu_order":12,"comment_status":"closed","ping_status":"closed","template":"","meta":{"footnotes":""},"class_list":["post-3","page","type-page","status-publish","hentry"],"yoast_head":"<!-- This site is optimized with the Yoast SEO plugin v27.5 - https:\/\/yoast.com\/product\/yoast-seo-wordpress\/ -->\n<title>Pol\u00edtica de Privacidad - RIDE-TOURISM<\/title>\n<meta name=\"robots\" content=\"index, follow, max-snippet:-1, max-image-preview:large, max-video-preview:-1\" \/>\n<link rel=\"canonical\" href=\"https:\/\/ride-tourism.bike\/es\/privacy\/\" \/>\n<meta property=\"og:locale\" content=\"es_ES\" \/>\n<meta property=\"og:type\" content=\"article\" \/>\n<meta property=\"og:title\" content=\"Pol\u00edtica de Privacidad - RIDE-TOURISM\" \/>\n<meta property=\"og:description\" content=\"\ud83d\udee1\ufe0f Pol\u00edtica de Privacidad Ride Tourism \u2014 Protecci\u00f3n de Datos Personales Ride Tourism (\u00abnosotros\u00bb o \u00abnuestro\u00bb) est\u00e1 comprometido con la protecci\u00f3n de la informaci\u00f3n personal. Hemos establecido esta Pol\u00edtica de Privacidad, implementado un sistema para salvaguardar los datos personales y nos aseguramos de que todos los empleados comprendan la importancia de la protecci\u00f3n de la [&hellip;]\" \/>\n<meta property=\"og:url\" content=\"https:\/\/ride-tourism.bike\/es\/privacy\/\" \/>\n<meta property=\"og:site_name\" content=\"RIDE-TOURISM\" \/>\n<meta property=\"article:modified_time\" content=\"2026-05-07T08:35:59+00:00\" \/>\n<meta name=\"twitter:card\" content=\"summary_large_image\" \/>\n<meta name=\"twitter:label1\" content=\"Tiempo de lectura\" \/>\n\t<meta name=\"twitter:data1\" content=\"2 minutos\" \/>\n<script type=\"application\/ld+json\" class=\"yoast-schema-graph\">{\"@context\":\"https:\\\/\\\/schema.org\",\"@graph\":[{\"@type\":\"WebPage\",\"@id\":\"https:\\\/\\\/ride-tourism.bike\\\/es\\\/privacy\\\/\",\"url\":\"https:\\\/\\\/ride-tourism.bike\\\/es\\\/privacy\\\/\",\"name\":\"Pol\u00edtica de Privacidad - RIDE-TOURISM\",\"isPartOf\":{\"@id\":\"https:\\\/\\\/ride-tourism.bike\\\/en\\\/#website\"},\"datePublished\":\"2026-01-25T04:08:36+00:00\",\"dateModified\":\"2026-05-07T08:35:59+00:00\",\"breadcrumb\":{\"@id\":\"https:\\\/\\\/ride-tourism.bike\\\/es\\\/privacy\\\/#breadcrumb\"},\"inLanguage\":\"es\",\"potentialAction\":[{\"@type\":\"ReadAction\",\"target\":[\"https:\\\/\\\/ride-tourism.bike\\\/es\\\/privacy\\\/\"]}]},{\"@type\":\"BreadcrumbList\",\"@id\":\"https:\\\/\\\/ride-tourism.bike\\\/es\\\/privacy\\\/#breadcrumb\",\"itemListElement\":[{\"@type\":\"ListItem\",\"position\":1,\"name\":\"\u30db\u30fc\u30e0\",\"item\":\"https:\\\/\\\/ride-tourism.bike\\\/es\\\/\"},{\"@type\":\"ListItem\",\"position\":2,\"name\":\"Pol\u00edtica de Privacidad\"}]},{\"@type\":\"WebSite\",\"@id\":\"https:\\\/\\\/ride-tourism.bike\\\/en\\\/#website\",\"url\":\"https:\\\/\\\/ride-tourism.bike\\\/en\\\/\",\"name\":\"Motorcycle Rentals \uff06 Guided Tour Experience \\\"RIDE-TOURISM\\\"\",\"description\":\"\",\"publisher\":{\"@id\":\"https:\\\/\\\/ride-tourism.bike\\\/en\\\/#organization\"},\"potentialAction\":[{\"@type\":\"SearchAction\",\"target\":{\"@type\":\"EntryPoint\",\"urlTemplate\":\"https:\\\/\\\/ride-tourism.bike\\\/en\\\/?s={search_term_string}\"},\"query-input\":{\"@type\":\"PropertyValueSpecification\",\"valueRequired\":true,\"valueName\":\"search_term_string\"}}],\"inLanguage\":\"es\"},{\"@type\":\"Organization\",\"@id\":\"https:\\\/\\\/ride-tourism.bike\\\/en\\\/#organization\",\"name\":\"Motorcycle Rentals \uff06 Guided Tour Experience \\\"RIDE-TOURISM\\\"\",\"url\":\"https:\\\/\\\/ride-tourism.bike\\\/en\\\/\",\"logo\":{\"@type\":\"ImageObject\",\"inLanguage\":\"es\",\"@id\":\"https:\\\/\\\/ride-tourism.bike\\\/en\\\/#\\\/schema\\\/logo\\\/image\\\/\",\"url\":\"https:\\\/\\\/ride-tourism.bike\\\/es\\\/wp-content\\\/uploads\\\/2026\\\/02\\\/Gemini_Generated_Image_ryxq9aryxq9aryxq.png\",\"contentUrl\":\"https:\\\/\\\/ride-tourism.bike\\\/es\\\/wp-content\\\/uploads\\\/2026\\\/02\\\/Gemini_Generated_Image_ryxq9aryxq9aryxq.png\",\"width\":1024,\"height\":1024,\"caption\":\"Motorcycle Rentals \uff06 Guided Tour Experience \\\"RIDE-TOURISM\\\"\"},\"image\":{\"@id\":\"https:\\\/\\\/ride-tourism.bike\\\/en\\\/#\\\/schema\\\/logo\\\/image\\\/\"},\"sameAs\":[\"https:\\\/\\\/www.youtube.com\\\/@RIDETOURISM\"]}]}<\/script>\n<!-- \/ Yoast SEO plugin. -->","yoast_head_json":{"title":"Pol\u00edtica de Privacidad - RIDE-TOURISM","robots":{"index":"index","follow":"follow","max-snippet":"max-snippet:-1","max-image-preview":"max-image-preview:large","max-video-preview":"max-video-preview:-1"},"canonical":"https:\/\/ride-tourism.bike\/es\/privacy\/","og_locale":"es_ES","og_type":"article","og_title":"Pol\u00edtica de Privacidad - RIDE-TOURISM","og_description":"\ud83d\udee1\ufe0f Pol\u00edtica de Privacidad Ride Tourism \u2014 Protecci\u00f3n de Datos Personales Ride Tourism (\u00abnosotros\u00bb o \u00abnuestro\u00bb) est\u00e1 comprometido con la protecci\u00f3n de la informaci\u00f3n personal. Hemos establecido esta Pol\u00edtica de Privacidad, implementado un sistema para salvaguardar los datos personales y nos aseguramos de que todos los empleados comprendan la importancia de la protecci\u00f3n de la [&hellip;]","og_url":"https:\/\/ride-tourism.bike\/es\/privacy\/","og_site_name":"RIDE-TOURISM","article_modified_time":"2026-05-07T08:35:59+00:00","twitter_card":"summary_large_image","twitter_misc":{"Tiempo de lectura":"2 minutos"},"schema":{"@context":"https:\/\/schema.org","@graph":[{"@type":"WebPage","@id":"https:\/\/ride-tourism.bike\/es\/privacy\/","url":"https:\/\/ride-tourism.bike\/es\/privacy\/","name":"Pol\u00edtica de Privacidad - RIDE-TOURISM","isPartOf":{"@id":"https:\/\/ride-tourism.bike\/en\/#website"},"datePublished":"2026-01-25T04:08:36+00:00","dateModified":"2026-05-07T08:35:59+00:00","breadcrumb":{"@id":"https:\/\/ride-tourism.bike\/es\/privacy\/#breadcrumb"},"inLanguage":"es","potentialAction":[{"@type":"ReadAction","target":["https:\/\/ride-tourism.bike\/es\/privacy\/"]}]},{"@type":"BreadcrumbList","@id":"https:\/\/ride-tourism.bike\/es\/privacy\/#breadcrumb","itemListElement":[{"@type":"ListItem","position":1,"name":"\u30db\u30fc\u30e0","item":"https:\/\/ride-tourism.bike\/es\/"},{"@type":"ListItem","position":2,"name":"Pol\u00edtica de Privacidad"}]},{"@type":"WebSite","@id":"https:\/\/ride-tourism.bike\/en\/#website","url":"https:\/\/ride-tourism.bike\/en\/","name":"Motorcycle Rentals \uff06 Guided Tour Experience \"RIDE-TOURISM\"","description":"","publisher":{"@id":"https:\/\/ride-tourism.bike\/en\/#organization"},"potentialAction":[{"@type":"SearchAction","target":{"@type":"EntryPoint","urlTemplate":"https:\/\/ride-tourism.bike\/en\/?s={search_term_string}"},"query-input":{"@type":"PropertyValueSpecification","valueRequired":true,"valueName":"search_term_string"}}],"inLanguage":"es"},{"@type":"Organization","@id":"https:\/\/ride-tourism.bike\/en\/#organization","name":"Motorcycle Rentals \uff06 Guided Tour Experience \"RIDE-TOURISM\"","url":"https:\/\/ride-tourism.bike\/en\/","logo":{"@type":"ImageObject","inLanguage":"es","@id":"https:\/\/ride-tourism.bike\/en\/#\/schema\/logo\/image\/","url":"https:\/\/ride-tourism.bike\/es\/wp-content\/uploads\/2026\/02\/Gemini_Generated_Image_ryxq9aryxq9aryxq.png","contentUrl":"https:\/\/ride-tourism.bike\/es\/wp-content\/uploads\/2026\/02\/Gemini_Generated_Image_ryxq9aryxq9aryxq.png","width":1024,"height":1024,"caption":"Motorcycle Rentals \uff06 Guided Tour Experience \"RIDE-TOURISM\""},"image":{"@id":"https:\/\/ride-tourism.bike\/en\/#\/schema\/logo\/image\/"},"sameAs":["https:\/\/www.youtube.com\/@RIDETOURISM"]}]}},"_links":{"self":[{"href":"https:\/\/ride-tourism.bike\/es\/wp-json\/wp\/v2\/pages\/3","targetHints":{"allow":["GET"]}}],"collection":[{"href":"https:\/\/ride-tourism.bike\/es\/wp-json\/wp\/v2\/pages"}],"about":[{"href":"https:\/\/ride-tourism.bike\/es\/wp-json\/wp\/v2\/types\/page"}],"author":[{"embeddable":true,"href":"https:\/\/ride-tourism.bike\/es\/wp-json\/wp\/v2\/users\/2"}],"replies":[{"embeddable":true,"href":"https:\/\/ride-tourism.bike\/es\/wp-json\/wp\/v2\/comments?post=3"}],"version-history":[{"count":8,"href":"https:\/\/ride-tourism.bike\/es\/wp-json\/wp\/v2\/pages\/3\/revisions"}],"predecessor-version":[{"id":1013,"href":"https:\/\/ride-tourism.bike\/es\/wp-json\/wp\/v2\/pages\/3\/revisions\/1013"}],"wp:attachment":[{"href":"https:\/\/ride-tourism.bike\/es\/wp-json\/wp\/v2\/media?parent=3"}],"curies":[{"name":"wp","href":"https:\/\/api.w.org\/{rel}","templated":true}]}}